{"id":31,"date":"2023-04-28T12:47:45","date_gmt":"2023-04-28T10:47:45","guid":{"rendered":"https:\/\/tierfutter.kpmd.at\/?post_type=product&#038;p=31"},"modified":"2023-04-28T12:50:35","modified_gmt":"2023-04-28T10:50:35","slug":"rindfleischwuerfel-5-kg","status":"publish","type":"product","link":"https:\/\/tierfutter.kpmd.at\/?product=rindfleischwuerfel-5-kg","title":{"rendered":"Rindfleischw\u00fcrfel 5 kg"},"content":{"rendered":"<h3>Gut gemacht Belohnungsw\u00fcrfel Rindfleisch<\/h3>\n<p>100% nat\u00fcrlich und schonend getrocknetes Rindfleisch.<\/p>\n<p>Unsere Belohnungsw\u00fcrfel vom Rind lassen jedes Hundeherz h\u00f6her schlagen und eignen sich f\u00fcr Gro\u00df und Klein.<\/p>\n<p>Rindfleisch ist ein hochwertiger Snack mit vielen wichtigen N\u00e4hr- und Inhaltsstoffen.<\/p>\n<p>Die handlichen St\u00fccke eignen sich auch perfekt als Belohnung beim Training.<\/p>\n<p>* leicht verdaulich\u00a0\u00a0\u00a0\u00a0\u00a0\u00a0\u00a0\u00a0\u00a0\u00a0 * Singleprotein\u00a0\u00a0\u00a0\u00a0\u00a0\u00a0\u00a0\u00a0\u00a0 * fettarm<\/p>\n","protected":false},"excerpt":{"rendered":"<p>Gut gemacht Belohnungsw\u00fcrfel Rindfleisch 100% nat\u00fcrlich und schonend getrocknetes Rindfleisch. Unsere Belohnungsw\u00fcrfel vom Rind lassen jedes Hundeherz h\u00f6her schlagen und eignen sich f\u00fcr Gro\u00df und Klein. Rindfleisch ist ein hochwertiger Snack mit vielen wichtigen N\u00e4hr- und Inhaltsstoffen. Die handlichen St\u00fccke eignen sich auch perfekt als Belohnung beim Training. * leicht verdaulich\u00a0\u00a0\u00a0\u00a0\u00a0\u00a0\u00a0\u00a0\u00a0\u00a0 * Singleprotein\u00a0\u00a0\u00a0\u00a0\u00a0\u00a0\u00a0\u00a0\u00a0 * fettarm<\/p>\n","protected":false},"featured_media":33,"template":"","meta":[],"product_cat":[20],"product_tag":[],"class_list":{"0":"post-31","1":"product","2":"type-product","3":"status-publish","4":"has-post-thumbnail","6":"product_cat-hunde","8":"first","9":"instock","10":"shipping-taxable","11":"purchasable","12":"product-type-simple"},"_links":{"self":[{"href":"https:\/\/tierfutter.kpmd.at\/index.php?rest_route=\/wp\/v3\/product\/31","targetHints":{"allow":["GET"]}}],"collection":[{"href":"https:\/\/tierfutter.kpmd.at\/index.php?rest_route=\/wp\/v3\/product"}],"about":[{"href":"https:\/\/tierfutter.kpmd.at\/index.php?rest_route=\/wp\/v2\/types\/product"}],"wp:featuredmedia":[{"embeddable":true,"href":"https:\/\/tierfutter.kpmd.at\/index.php?rest_route=\/wp\/v2\/media\/33"}],"wp:attachment":[{"href":"https:\/\/tierfutter.kpmd.at\/index.php?rest_route=%2Fwp%2Fv2%2Fmedia&parent=31"}],"wp:term":[{"taxonomy":"product_cat","embeddable":true,"href":"https:\/\/tierfutter.kpmd.at\/index.php?rest_route=%2Fwp%2Fv2%2Fproduct_cat&post=31"},{"taxonomy":"product_tag","embeddable":true,"href":"https:\/\/tierfutter.kpmd.at\/index.php?rest_route=%2Fwp%2Fv2%2Fproduct_tag&post=31"}],"curies":[{"name":"wp","href":"https:\/\/api.w.org\/{rel}","templated":true}]}}